{"id":7,"date":"2020-03-29T18:40:49","date_gmt":"2020-03-29T18:40:49","guid":{"rendered":"http:\/\/quierounperro.com\/qup2\/?page_id=7"},"modified":"2023-02-15T17:34:46","modified_gmt":"2023-02-15T17:34:46","slug":"acerca-de","status":"publish","type":"page","link":"https:\/\/quierounperro.com\/qup2\/acerca-de\/","title":{"rendered":"Nosotros"},"content":{"rendered":"\r\n<h4 class=\"wp-block-heading\">\u00bfQUIENES SOMOS?<\/h4>\r\n\r\n\r\n\r\n<h2 class=\"wp-block-heading\">Fundaci\u00f3n quiero un perro<\/h2>\r\n\r\n\r\n\r\n<p class=\"selectable-text copyable-text iq0m558w\" dir=\"ltr\"><span class=\"selectable-text copyable-text\">Somos un grupo de proteccionistas de los perros y gatos en situaci\u00f3n de calle en Venezuela desde el a\u00f1o 2013.<\/span><\/p>\r\n<p class=\"selectable-text copyable-text iq0m558w\" dir=\"ltr\"><span class=\"selectable-text copyable-text\">Nosotros los proteccionistas; colaboramos con caninos y felinos en situaci\u00f3n de calle y refugios, otros se encuentran en recuperaci\u00f3n, hogares temporales, para gestionar su pronta adopci\u00f3n e inclusi\u00f3n en un hogar que le d\u00e9 mucho amor al nuevo integrante de la familia.<\/span><\/p>\r\n<p dir=\"ltr\">Creemos en que la esterilizaci\u00f3n como soluci\u00f3n y m\u00e9todo indispensable, para evitar el futuro abandono as\u00ed como animales en situaci\u00f3n de calle.\u00a0<\/p>\r\n<p dir=\"ltr\">Gracias por ser amante de los animales!\u00a0<\/p>\r\n<p dir=\"ltr\">\u00a0<\/p>\r\n\r\n\r\n\r\n\r\n\r\n\r\n\r\n<figure class=\"wp-block-image size-large\"><img loading=\"lazy\" decoding=\"async\" width=\"1024\" height=\"528\" class=\"wp-image-293\" src=\"https:\/\/quierounperro.com\/qup2\/wp-content\/uploads\/2020\/04\/mision-2-1024x528.png\" alt=\"\" srcset=\"https:\/\/quierounperro.com\/qup2\/wp-content\/uploads\/2020\/04\/mision-2-1024x528.png 1024w, https:\/\/quierounperro.com\/qup2\/wp-content\/uploads\/2020\/04\/mision-2-300x155.png 300w, https:\/\/quierounperro.com\/qup2\/wp-content\/uploads\/2020\/04\/mision-2-768x396.png 768w, https:\/\/quierounperro.com\/qup2\/wp-content\/uploads\/2020\/04\/mision-2-1200x619.png 1200w, https:\/\/quierounperro.com\/qup2\/wp-content\/uploads\/2020\/04\/mision-2.png 1247w\" sizes=\"auto, (max-width: 1024px) 100vw, 1024px\" \/><\/figure>\r\n\r\n\r\n\r\n<p><strong>MISION<\/strong><\/p>\r\n\r\n\r\n\r\n<p><strong>&#8211; Velar por la alimentaci\u00f3n de perros en situaci\u00f3n de calle pertenecientes a rutas especificas o al azar m\u00e1s los ya protegidos por la fundaci\u00f3n y miembros de la misma.<\/strong><\/p>\r\n\r\n\r\n\r\n<p><strong>&#8211; Brindar atenci\u00f3n veterinaria al mayor n\u00famero de perros en situaci\u00f3n de calle que ameriten intervenci\u00f3n medica. (heridas, fracturas, quemaduras, entre otras).<\/strong><\/p>\r\n\r\n\r\n\r\n<p><strong>&#8211; Trabajar por el respeto, bienestar y derechos de todos los perros por igual sin importar su RAZA, CONDICI\u00d3N Y EDAD.<\/strong><\/p>\r\n\r\n\r\n\r\n<p><strong>&#8211; Mostrar las adopciones como oportunidad de vida para los animales en situaci\u00f3n de calle.<\/strong><\/p>\r\n\r\n\r\n\r\n<p><strong>-Realizar jornadas de esterilizaci\u00f3n y vacunaci\u00f3n para cesar la proliferaci\u00f3n de los animales en situaci\u00f3n de calle e incrementar la salud y protecci\u00f3n de los mismos.<\/strong><\/p>\r\n\r\n\r\n\r\n<p><strong>&#8211; Ofrecer hogar temporal para animales en situaci\u00f3n de calle mientras se recupera f\u00edsica e inclusive emocionalmente\u00a0al animal para su inclusi\u00f3n exitosa en un futuro hogar.<\/strong><\/p>\r\n\r\n\r\n\r\n<p><strong>&#8211; Gestionar adopciones y \u00e9xito de las mismas por medio de entrevistas, compromisos y seguimiento a la familia o candidato(a) interesado(a) en adoptar.<\/strong><\/p>\r\n\r\n\r\n\r\n<p><strong>&#8211; Difundir casos de emergencia, adopci\u00f3n y solicitud de ayuda para cualquier animal a nivel nacional. Para agilizar casos tanto internos como externos a la fundaci\u00f3n y salvar vidas en tiempo record.<\/strong><\/p>\r\n\r\n\r\n\r\n<p><strong>&#8211; Garantizar la credibilidad de los casos y procesos realizados por la fundaci\u00f3n a todos los colaboradores, aliados y seguidores de la misma. Por medio de evidencias continuas\u00a0 y actualizaciones.<\/strong><\/p>\r\n\r\n\r\n\r\n<figure class=\"wp-block-image size-large\"><img loading=\"lazy\" decoding=\"async\" width=\"1024\" height=\"514\" class=\"wp-image-289\" src=\"https:\/\/quierounperro.com\/qup2\/wp-content\/uploads\/2020\/04\/6-1024x514.png\" alt=\"\" srcset=\"https:\/\/quierounperro.com\/qup2\/wp-content\/uploads\/2020\/04\/6-1024x514.png 1024w, https:\/\/quierounperro.com\/qup2\/wp-content\/uploads\/2020\/04\/6-300x151.png 300w, https:\/\/quierounperro.com\/qup2\/wp-content\/uploads\/2020\/04\/6-768x386.png 768w, https:\/\/quierounperro.com\/qup2\/wp-content\/uploads\/2020\/04\/6-1200x602.png 1200w, https:\/\/quierounperro.com\/qup2\/wp-content\/uploads\/2020\/04\/6.png 1275w\" sizes=\"auto, (max-width: 1024px) 100vw, 1024px\" \/><\/figure>\r\n\r\n\r\n\r\n<p><strong>VISION<\/strong><\/p>\r\n\r\n\r\n\r\n<p><strong>&#8211; Difundir nuestra labor a nivel internacional para dar a conocer un poco m\u00e1s el abandono y maltrato animal presentado en Venezuela.<\/strong><\/p>\r\n\r\n\r\n\r\n<p><strong>&#8211;\u00a0Incrementar el n\u00famero de aliados, colaborados y padrinos para poder alimentar y salvar m\u00e1s vidas a nivel nacional.<\/strong><\/p>\r\n\r\n\r\n\r\n<p><strong>&#8211; Crear campa\u00f1as de concientizaci\u00f3n y educaci\u00f3n para combatir la indiferencia.<\/strong><\/p>\r\n\r\n\r\n\r\n<p><strong>&#8211; Recibir apoyo a nivel internacional por medio de apadrinamientos para seguir haciendo posible nuestra labor.<\/strong><\/p>\r\n\r\n\r\n\r\n<p><strong>&#8211; Incrementar el n\u00famero de adopciones exitosas.<\/strong><\/p>\r\n\r\n\r\n\r\n<p><strong>&#8211; Disminuir significativamente el indice de abandono y maltrato animal a nivel nacional.\u00a0<\/strong><\/p>\r\n\r\n\r\n\r\n<p><strong>&#8211; Concientizar sobre los derechos que tienen los animales al igual que los humanos en la sociedad.<\/strong><\/p>\r\n\r\n\r\n\r\n<div class=\"wp-block-group\">\r\n<div class=\"wp-block-group__inner-container is-layout-flow wp-block-group-is-layout-flow\">\r\n<figure class=\"wp-block-image size-large\"><img loading=\"lazy\" decoding=\"async\" width=\"1024\" height=\"517\" class=\"wp-image-288\" src=\"https:\/\/quierounperro.com\/qup2\/wp-content\/uploads\/2020\/04\/5-1024x517.png\" alt=\"\" srcset=\"https:\/\/quierounperro.com\/qup2\/wp-content\/uploads\/2020\/04\/5-1024x517.png 1024w, https:\/\/quierounperro.com\/qup2\/wp-content\/uploads\/2020\/04\/5-300x151.png 300w, https:\/\/quierounperro.com\/qup2\/wp-content\/uploads\/2020\/04\/5-768x388.png 768w, https:\/\/quierounperro.com\/qup2\/wp-content\/uploads\/2020\/04\/5-1200x606.png 1200w, https:\/\/quierounperro.com\/qup2\/wp-content\/uploads\/2020\/04\/5.png 1280w\" sizes=\"auto, (max-width: 1024px) 100vw, 1024px\" \/><\/figure>\r\n\r\n\r\n\r\n<p><strong>VALORES<\/strong><\/p>\r\n\r\n\r\n\r\n<p><strong>&#8211; AMOR: Por medio del amor hac\u00eda los perros y lo que hacemos nos aseguramos de brindar lo mejor de nosotros al momento de asumir un caso, pues cuando se tiene un perro se AMA a todos los del mundo.<\/strong><\/p>\r\n\r\n\r\n\r\n<p><strong>&#8211; RESPETO: El respeto hac\u00eda toda vida y pensamiento sin importar su raza, edad y condici\u00f3n.<\/strong><\/p>\r\n\r\n\r\n\r\n<p><strong>&#8211; HONESTIDAD: Transparencia en todos los casos por medio de evidencias y comunicaci\u00f3n continua para informar.\u00a0<\/strong><\/p>\r\n\r\n\r\n\r\n<p><strong>&#8211; \u00c9TICA: Trabajamos por la construcci\u00f3n y constante progreso de la sociedad.<\/strong><\/p>\r\n\r\n\r\n\r\n<p><strong>&#8211; LEALTAD: Por m\u00e1s duro que se torne\u00a0 la situaci\u00f3n haremos lo posible por ayudar, difundir y educar.<\/strong><\/p>\r\n\r\n\r\n\r\n<p><strong>&#8211; CONSTANCIA: Diariamente velamos por el bienestar de los animales.<\/strong><\/p>\r\n\r\n\r\n\r\n<p><strong>&#8211; TRABAJO EN EQUIPO: Incluimos a toda persona, sin importar su ubicaci\u00f3n nacional e internacional pues esta labor es tarea de todos.<\/strong><\/p>\r\n<\/div>\r\n<\/div>\r\n\r\n\r\n\r\n<p><strong>Entre todos los proteccionistas hay un estimado de 380 caninos y felinos protegidos por la fundaci\u00f3n de los cuales muchos se encuentran en recuperaci\u00f3n para gestionar su proceso de inclusi\u00f3n en un hogar. <\/strong><\/p>\r\n","protected":false},"excerpt":{"rendered":"<p>\u00bfQUIENES SOMOS? Fundaci\u00f3n quiero un perro Somos un grupo de proteccionistas de los perros y gatos en situaci\u00f3n de calle en Venezuela desde el a\u00f1o 2013. Nosotros los proteccionistas; colaboramos con caninos y felinos en situaci\u00f3n de calle y refugios, otros se encuentran en recuperaci\u00f3n, hogares temporales, para gestionar su pronta adopci\u00f3n e inclusi\u00f3n en [&hellip;]<\/p>\n","protected":false},"author":1,"featured_media":110,"parent":0,"menu_order":0,"comment_status":"closed","ping_status":"closed","template":"templates\/template-cover.php","meta":{"footnotes":""},"class_list":["post-7","page","type-page","status-publish","has-post-thumbnail","hentry"],"_links":{"self":[{"href":"https:\/\/quierounperro.com\/qup2\/wp-json\/wp\/v2\/pages\/7","targetHints":{"allow":["GET"]}}],"collection":[{"href":"https:\/\/quierounperro.com\/qup2\/wp-json\/wp\/v2\/pages"}],"about":[{"href":"https:\/\/quierounperro.com\/qup2\/wp-json\/wp\/v2\/types\/page"}],"author":[{"embeddable":true,"href":"https:\/\/quierounperro.com\/qup2\/wp-json\/wp\/v2\/users\/1"}],"replies":[{"embeddable":true,"href":"https:\/\/quierounperro.com\/qup2\/wp-json\/wp\/v2\/comments?post=7"}],"version-history":[{"count":11,"href":"https:\/\/quierounperro.com\/qup2\/wp-json\/wp\/v2\/pages\/7\/revisions"}],"predecessor-version":[{"id":522,"href":"https:\/\/quierounperro.com\/qup2\/wp-json\/wp\/v2\/pages\/7\/revisions\/522"}],"wp:featuredmedia":[{"embeddable":true,"href":"https:\/\/quierounperro.com\/qup2\/wp-json\/wp\/v2\/media\/110"}],"wp:attachment":[{"href":"https:\/\/quierounperro.com\/qup2\/wp-json\/wp\/v2\/media?parent=7"}],"curies":[{"name":"wp","href":"https:\/\/api.w.org\/{rel}","templated":true}]}}